{"id":2,"date":"2026-03-01T20:19:27","date_gmt":"2026-03-01T20:19:27","guid":{"rendered":"http:\/\/lydenafkultur.dk\/?page_id=2"},"modified":"2026-04-06T19:30:47","modified_gmt":"2026-04-06T19:30:47","slug":"sample-page","status":"publish","type":"page","link":"https:\/\/lydenafkultur.dk\/?page_id=2","title":{"rendered":"Kollage"},"content":{"rendered":"\n<p><\/p>\n\n\n\n<p>Det her er en kollektion af digte, billeder og lyd som jeg har lavet gennem \u00e5rene. Jeg pr\u00f8ver at v\u00e6lge det bedste jeg har lavet og det, der betyder mest for mig.<\/p>\n\n\n\n<blockquote class=\"wp-block-quote is-layout-flow wp-block-quote-is-layout-flow\">\n<p>Lille barn, ta masken af<\/p>\n\n\n\n<p>Lille barn, du med manden i dag<\/p>\n\n\n\n<p>Og mand vi sagde<\/p>\n\n\n\n<p>At vi ka lig land lidt bag<\/p>\n\n\n\n<p>For det ik kun materiale&nbsp;<\/p>\n\n\n\n<p>Det hva du g\u00f8r hver dag<\/p>\n\n\n\n<p>Hvordan du kommer videre fra din plage<\/p>\n\n\n\n<p>G\u00f8r det st\u00f8rre i dag<\/p>\n\n\n\n<p>Vi g\u00f8r det st\u00f8rre, m\u00e5 vi g\u00f8re for de b\u00f8rn<\/p>\n\n\n\n<p>For en dag er det deres t\u00f8rn<\/p>\n<cite>Skrevet 28. December 2028<\/cite><\/blockquote>\n\n\n\n<p class=\"is-style-text-annotation is-style-text-annotation--1\"><\/p>\n\n\n\n<blockquote class=\"wp-block-quote is-layout-flow wp-block-quote-is-layout-flow\">\n<p>The XYZ Doohickey Company was founded in 1971, and has been providing quality doohickeys to the public ever since. Located in Gotham City, XYZ employs over 2,000 people and does all kinds of awesome things for the Gotham community.<\/p>\n<\/blockquote>\n\n\n\n<p>As a new WordPress user, you should go to <a href=\"http:\/\/lydenafkultur.dk\/wp-admin\/\">your dashboard<\/a> to delete this page and create new pages for your content. Have fun!<\/p>\n\n\n\n\n\n<p><\/p>\n","protected":false},"excerpt":{"rendered":"<p>Det her er en kollektion af digte, billeder og lyd som jeg har lavet gennem \u00e5rene. Jeg pr\u00f8ver at v\u00e6lge det bedste jeg har lavet og det, der betyder mest for mig. Lille barn, ta masken af Lille barn, du med manden i dag Og mand vi sagde At vi ka lig land lidt bag [&hellip;]<\/p>\n","protected":false},"author":1,"featured_media":0,"parent":0,"menu_order":0,"comment_status":"closed","ping_status":"open","template":"","meta":{"footnotes":"[]"},"class_list":["post-2","page","type-page","status-publish","hentry"],"_links":{"self":[{"href":"https:\/\/lydenafkultur.dk\/index.php?rest_route=\/wp\/v2\/pages\/2","targetHints":{"allow":["GET"]}}],"collection":[{"href":"https:\/\/lydenafkultur.dk\/index.php?rest_route=\/wp\/v2\/pages"}],"about":[{"href":"https:\/\/lydenafkultur.dk\/index.php?rest_route=\/wp\/v2\/types\/page"}],"author":[{"embeddable":true,"href":"https:\/\/lydenafkultur.dk\/index.php?rest_route=\/wp\/v2\/users\/1"}],"replies":[{"embeddable":true,"href":"https:\/\/lydenafkultur.dk\/index.php?rest_route=%2Fwp%2Fv2%2Fcomments&post=2"}],"version-history":[{"count":3,"href":"https:\/\/lydenafkultur.dk\/index.php?rest_route=\/wp\/v2\/pages\/2\/revisions"}],"predecessor-version":[{"id":53,"href":"https:\/\/lydenafkultur.dk\/index.php?rest_route=\/wp\/v2\/pages\/2\/revisions\/53"}],"wp:attachment":[{"href":"https:\/\/lydenafkultur.dk\/index.php?rest_route=%2Fwp%2Fv2%2Fmedia&parent=2"}],"curies":[{"name":"wp","href":"https:\/\/api.w.org\/{rel}","templated":true}]}}